{"id":1021,"date":"2024-02-08T09:45:21","date_gmt":"2024-02-08T15:45:21","guid":{"rendered":"https:\/\/www.mybeepy.com\/info\/?page_id=1021"},"modified":"2024-04-10T10:00:12","modified_gmt":"2024-04-10T16:00:12","slug":"renta-un-auto-desde-tu-celular","status":"publish","type":"page","link":"https:\/\/mybeepy.com\/renta-de-autos-para-empresas\/renta-un-auto-desde-tu-celular\/","title":{"rendered":"Renta un Auto desde tu Celular"},"content":{"rendered":"\n<p class=\"has-x-large-font-size\"><strong>\u00a1Renta un Auto!<\/strong><\/p>\n\n\n\n<p class=\"has-white-color has-vivid-purple-background-color has-text-color has-background has-medium-font-size\">\u00a1<strong>Y Disfruta de una amplia gama de opciones de movilidad! <\/strong>para satisfacer tus necesidades<strong> <\/strong>diarias<strong>, viajes de negocios <\/strong>o<strong> aventuras de fin de semana.<\/strong><\/p>\n\n\n\n<div style=\"height:30px\" aria-hidden=\"true\" class=\"wp-block-spacer\"><\/div>\n\n\n\n<div class=\"wp-block-columns is-layout-flex wp-container-core-columns-layout-1 wp-block-columns-is-layout-flex\">\n<div class=\"wp-block-column is-layout-flow wp-block-column-is-layout-flow\">\n<div style=\"height:50px\" aria-hidden=\"true\" class=\"wp-block-spacer\"><\/div>\n\n\n\n<p class=\"has-text-align-left has-large-font-size\"><strong>\u00a1Renta desde tu celular!<\/strong><\/p>\n\n\n\n<p class=\"has-text-color has-small-font-size\" style=\"color:#535353\">Disponible para Android y iOS.<\/p>\n\n\n<div class=\"wp-block-image is-style-default\">\n<figure class=\"alignleft size-full is-resized\"><a href=\"https:\/\/apps.apple.com\/us\/app\/beepy\/id1493999927\" target=\"_blank\" rel=\"noreferrer noopener\"><img decoding=\"async\" width=\"300\" height=\"93\" src=\"https:\/\/www.mybeepy.com\/info\/wp-content\/uploads\/2024\/02\/image.png\" alt=\"\" class=\"wp-image-1050\" style=\"aspect-ratio:3.225806451612903;object-fit:cover;width:150px\"\/><\/a><\/figure><\/div>\n\n<div class=\"wp-block-image is-style-default\">\n<figure class=\"alignleft size-full is-resized\"><a href=\"https:\/\/play.google.com\/store\/apps\/details?id=com.sferea.beepy&amp;pli=1\" target=\"_blank\" rel=\"noreferrer noopener\"><img decoding=\"async\" width=\"300\" height=\"93\" src=\"https:\/\/www.mybeepy.com\/info\/wp-content\/uploads\/2024\/02\/image-1.png\" alt=\"\" class=\"wp-image-1051\" style=\"width:150px\"\/><\/a><\/figure><\/div><\/div>\n\n\n\n<div class=\"wp-block-column is-layout-flow wp-block-column-is-layout-flow\">\n<figure class=\"wp-block-image size-large is-resized is-style-default\"><img fetchpriority=\"high\" decoding=\"async\" width=\"1024\" height=\"1024\" src=\"https:\/\/www.mybeepy.com\/info\/wp-content\/uploads\/2024\/02\/OPINIONES_21NOV-1-1024x1024.png\" alt=\"\" class=\"wp-image-1080\" style=\"aspect-ratio:1;object-fit:cover;width:415px;height:auto\" srcset=\"https:\/\/mybeepy.com\/wp-content\/uploads\/2024\/02\/OPINIONES_21NOV-1-1024x1024.png 1024w, https:\/\/mybeepy.com\/wp-content\/uploads\/2024\/02\/OPINIONES_21NOV-1-450x450.png 450w, https:\/\/mybeepy.com\/wp-content\/uploads\/2024\/02\/OPINIONES_21NOV-1-768x768.png 768w, https:\/\/mybeepy.com\/wp-content\/uploads\/2024\/02\/OPINIONES_21NOV-1.png 1080w\" sizes=\"(max-width: 709px) 85vw, (max-width: 909px) 67vw, (max-width: 1362px) 62vw, 840px\" \/><\/figure>\n<\/div>\n<\/div>\n\n\n\n<p class=\"has-text-align-center has-text-color has-background has-large-font-size\" style=\"color:#7828cc;background-color:#cfcfcf47\"><strong>\u00bfC\u00f3mo funciona?<\/strong><\/p>\n\n\n\n<div style=\"height:40px\" aria-hidden=\"true\" class=\"wp-block-spacer\"><\/div>\n\n\n\n<p class=\"has-medium-font-size\"><strong>Desde tu aplicaci\u00f3n Beepy.<\/strong><\/p>\n\n\n\n<ol start=\"1\">\n<li class=\"has-medium-font-size\"><strong>Reserva<\/strong>: Selecciona el auto y las fechas de tu preferencia.<\/li>\n\n\n\n<li class=\"has-medium-font-size\"><strong>Recoge<\/strong>: Recoge tu auto en el lugar y momento conveniente para ti.<\/li>\n\n\n\n<li class=\"has-medium-font-size\"><strong>Disfruta<\/strong>: \u00a1Viaja con total libertad y comodidad!<\/li>\n<\/ol>\n\n\n\n<div style=\"height:40px\" aria-hidden=\"true\" class=\"wp-block-spacer\"><\/div>\n\n\n\n<hr class=\"wp-block-separator has-alpha-channel-opacity\"\/>\n\n\n\n<p class=\"has-text-align-center has-text-color has-background\" style=\"color:#7828cc;background-color:#cfcfcf47;font-size:40px\"><strong>Renta con Beepy y disfruta de <\/strong><\/p>\n\n\n\n<div style=\"height:40px\" aria-hidden=\"true\" class=\"wp-block-spacer\"><\/div>\n\n\n\n<div class=\"wp-block-columns is-layout-flex wp-container-core-columns-layout-2 wp-block-columns-is-layout-flex\">\n<div class=\"wp-block-column has-white-background-color has-background is-layout-flow wp-block-column-is-layout-flow\">\n<p class=\"has-text-align-center has-white-color has-text-color has-background has-link-color has-medium-font-size wp-elements-87baa5fb759ffbd1b59032c0cd1a477d\" style=\"background-color:#a1d008\"><strong>Comodidad<\/strong><\/p>\n\n\n\n<p class=\"has-white-background-color has-background\"><strong>Reserva tu auto desde tu celular<\/strong> en s\u00f3lo unos clics y rec\u00f3gelo en el lugar que m\u00e1s te convenga.<\/p>\n<\/div>\n\n\n\n<div class=\"wp-block-column has-white-background-color has-background is-layout-flow wp-block-column-is-layout-flow\">\n<p class=\"has-text-align-center has-white-color has-text-color has-background has-medium-font-size\" style=\"background-color:#a1d008\"><strong>Diversidad<\/strong><\/p>\n\n\n\n<p class=\"has-white-background-color has-background\">Elige entre una <strong>amplia variedad de veh\u00edculos<\/strong> que se adapten a tus necesidades y estilo.<\/p>\n<\/div>\n\n\n\n<div class=\"wp-block-column has-white-background-color has-background is-layout-flow wp-block-column-is-layout-flow\">\n<p class=\"has-text-align-center has-white-color has-text-color has-background has-medium-font-size\" style=\"background-color:#a1d008\"><strong>Costos<\/strong><\/p>\n\n\n\n<p class=\"has-white-background-color has-background\"><strong>Tarifas competitivas<\/strong> y opciones de seguro flexibles para ahorrar en cada viaje.<\/p>\n<\/div>\n<\/div>\n\n\n\n<div style=\"height:10px\" aria-hidden=\"true\" class=\"wp-block-spacer\"><\/div>\n\n\n\n<div class=\"wp-block-columns has-background is-layout-flex wp-container-core-columns-layout-3 wp-block-columns-is-layout-flex\" style=\"background-color:#cfcfcf47\">\n<div class=\"wp-block-column is-layout-flow wp-block-column-is-layout-flow\">\n<p class=\"has-large-font-size\" style=\"letter-spacing:1px\"><strong>Requisitos<\/strong><br>para rentar un auto<\/p>\n\n\n\n<hr class=\"wp-block-separator has-text-color has-alpha-channel-opacity has-background is-style-wide\" style=\"background-color:#a1d008;color:#a1d008\"\/>\n<\/div>\n\n\n\n<div class=\"wp-block-column is-layout-flow wp-block-column-is-layout-flow\" style=\"flex-basis:450px\">\n<div style=\"height:30px\" aria-hidden=\"true\" class=\"wp-block-spacer\"><\/div>\n\n\n\n<ol>\n<li class=\"has-medium-font-size\" style=\"font-style:normal;font-weight:600\">ID (Pasaporte &#8211; INE)<\/li>\n\n\n\n<li class=\"has-medium-font-size\" style=\"font-style:normal;font-weight:600\">Licencia de Conducir<\/li>\n<\/ol>\n<\/div>\n<\/div>\n\n\n\n<p class=\"has-vivid-red-color has-text-color has-small-font-size\">*Tus documentos deben estar vigentes<\/p>\n\n\n\n<div style=\"height:40px\" aria-hidden=\"true\" class=\"wp-block-spacer\"><\/div>\n\n\n\n<p class=\"has-text-align-center has-text-color has-background\" style=\"color:#7828cc;background-color:#cfcfcf47;font-size:40px\"><strong>\u00bfD\u00f3nde puedes rentar un Beepy? <\/strong><\/p>\n\n\n\n<p><strong>En Beepy nos seguimos expandiendo para ofrecer servicio en toda la rep\u00fablica mexicana. <\/strong>De momento podr\u00e1s encontrar <a href=\"https:\/\/www.mybeepy.com\/info\/cobertura-de-autos-en-beepy\/\">cobertura<\/a> de veh\u00edculos disponibles en Nuevo Le\u00f3n, Coahuila, Quintana Roo, CDMX, Jalisco, Quer\u00e9taro, Veracruz, Baja California, Nayarit, Oaxaca, Baja California Sur, EDOMEX, Guanajuato, Yucat\u00e1n, San Luis Potos\u00ed y Morelos.<\/p>\n\n\n\n<div style=\"height:40px\" aria-hidden=\"true\" class=\"wp-block-spacer\"><\/div>\n\n\n\n<p class=\"has-background has-medium-font-size\" style=\"background-color:#a1d008\"><strong>\u00bfDudas?<\/strong> Cont\u00e1ctanos.<\/p>\n\n\n\n<div style=\"height:29px\" aria-hidden=\"true\" class=\"wp-block-spacer\"><\/div>\n\n\n\n<div class=\"wp-block-columns is-layout-flex wp-container-core-columns-layout-4 wp-block-columns-is-layout-flex\">\n<div class=\"wp-block-column is-layout-flow wp-block-column-is-layout-flow\">\n<p class=\"has-text-color has-medium-font-size\" style=\"color:#7828cc\"><strong>Horario de atenci\u00f3n:<\/strong><\/p>\n\n\n\n<p style=\"font-size:15px\">Lunes a Viernes de 8 am a 6 pm<br>S\u00e1bado de 8 am a 12 pm<\/p>\n\n\n\n<p style=\"font-size:15px\">Correo: <a href=\"mailto:soporte@mybeepy.com\"><u>soporte@mybeepy.com<\/u><\/a><br>Tel\u00e9fonos: +52 (844) 427 3228 y +52 (844) 455 2376<\/p>\n\n\n\n<div style=\"height:20px\" aria-hidden=\"true\" class=\"wp-block-spacer\"><\/div>\n\n\n\n<div class=\"wp-block-buttons is-layout-flex wp-block-buttons-is-layout-flex\">\n<div class=\"wp-block-button has-custom-width wp-block-button__width-50 is-style-fill\"><a class=\"wp-block-button__link has-vivid-purple-background-color has-background wp-element-button\" href=\"mailto:soporte@mybeepy.com\" target=\"_blank\" rel=\"noreferrer noopener\">Correo<\/a><\/div>\n<\/div>\n\n\n\n<div style=\"height:16px\" aria-hidden=\"true\" class=\"wp-block-spacer\"><\/div>\n\n\n\n<div class=\"wp-block-buttons is-layout-flex wp-block-buttons-is-layout-flex\">\n<div class=\"wp-block-button has-custom-width wp-block-button__width-50\"><a class=\"wp-block-button__link has-vivid-purple-background-color has-background wp-element-button\" href=\"tel:+528444552376\" target=\"_blank\" rel=\"noreferrer noopener\">Tel\u00e9fono<\/a><\/div>\n<\/div>\n\n\n\n<div style=\"height:16px\" aria-hidden=\"true\" class=\"wp-block-spacer\"><\/div>\n\n\n\n<div class=\"wp-block-buttons is-layout-flex wp-block-buttons-is-layout-flex\">\n<div class=\"wp-block-button has-custom-width wp-block-button__width-50\"><a class=\"wp-block-button__link has-vivid-purple-background-color has-background wp-element-button\" href=\"http:\/\/wa.me\/8444273228\" target=\"_blank\" rel=\"noreferrer noopener\">WhatsApp<\/a><\/div>\n<\/div>\n<\/div>\n\n\n\n<div class=\"wp-block-column is-layout-flow wp-block-column-is-layout-flow\">\n<p class=\"has-text-color has-link-color wp-elements-f756de1099d6d0aaa3993cd44c772fa3\" style=\"color:#7828cc;font-size:20px\">&#8230; <strong>o env\u00eda un formulario<\/strong><\/p>\n\n\n\n<div class=\"wp-block-contact-form-7-contact-form-selector\">\n<div class=\"wpcf7 no-js\" id=\"wpcf7-f1108-o1\" lang=\"es-MX\" dir=\"ltr\">\n<div class=\"screen-reader-response\"><p role=\"status\" aria-live=\"polite\" aria-atomic=\"true\"><\/p> <ul><\/ul><\/div>\n<form action=\"\/renta-de-autos-para-empresas\/wp-json\/wp\/v2\/pages\/1021#wpcf7-f1108-o1\" method=\"post\" class=\"wpcf7-form init\" aria-label=\"Formulario de contacto\" novalidate=\"novalidate\" data-status=\"init\">\n<div style=\"display: none;\">\n<input type=\"hidden\" name=\"_wpcf7\" value=\"1108\" \/>\n<input type=\"hidden\" name=\"_wpcf7_version\" value=\"5.9.8\" \/>\n<input type=\"hidden\" name=\"_wpcf7_locale\" value=\"es_MX\" \/>\n<input type=\"hidden\" name=\"_wpcf7_unit_tag\" value=\"wpcf7-f1108-o1\" \/>\n<input type=\"hidden\" name=\"_wpcf7_container_post\" value=\"0\" \/>\n<input type=\"hidden\" name=\"_wpcf7_posted_data_hash\" value=\"\" \/>\n<\/div>\n<p><label> Nombre y Apellido<br \/>\n<span class=\"wpcf7-form-control-wrap\" data-name=\"your-name\"><input size=\"40\" maxlength=\"400\" class=\"wpcf7-form-control wpcf7-text wpcf7-validates-as-required\" aria-required=\"true\" aria-invalid=\"false\" value=\"\" type=\"text\" name=\"your-name\" \/><\/span> <\/label>\n<\/p>\n<p><label> Correo Empresarial<br \/>\n<span class=\"wpcf7-form-control-wrap\" data-name=\"your-email\"><input size=\"40\" maxlength=\"400\" class=\"wpcf7-form-control wpcf7-email wpcf7-validates-as-required wpcf7-text wpcf7-validates-as-email\" aria-required=\"true\" aria-invalid=\"false\" value=\"\" type=\"email\" name=\"your-email\" \/><\/span> <\/label>\n<\/p>\n<p><label> Tel\u00e9fono<br \/>\n<span class=\"wpcf7-form-control-wrap\" data-name=\"your-subject\"><input size=\"40\" maxlength=\"400\" class=\"wpcf7-form-control wpcf7-text wpcf7-validates-as-required\" aria-required=\"true\" aria-invalid=\"false\" value=\"\" type=\"text\" name=\"your-subject\" \/><\/span> <\/label>\n<\/p>\n<p><label> Mensaje<br \/>\n<span class=\"wpcf7-form-control-wrap\" data-name=\"text-509\"><input size=\"40\" maxlength=\"400\" class=\"wpcf7-form-control wpcf7-text\" aria-invalid=\"false\" value=\"\" type=\"text\" name=\"text-509\" \/><\/span> <\/label>\n<\/p>\n<p><input class=\"wpcf7-form-control wpcf7-submit has-spinner\" type=\"submit\" value=\"Enviar\" \/>\n<\/p><div class=\"wpcf7-response-output\" aria-hidden=\"true\"><\/div>\n<\/form>\n<\/div>\n<\/div>\n<\/div>\n<\/div>\n\n\n\n<div style=\"height:40px\" aria-hidden=\"true\" class=\"wp-block-spacer\"><\/div>\n\n\n\n<p class=\"has-text-align-center has-white-color has-text-color has-background has-link-color has-medium-font-size wp-elements-88a9015e33017f76bea2474280cd3d95\" style=\"background-color:#a1d008\">\u00a1<strong>No esperes m\u00e1s! Descubre una nueva forma de moverte con Beepy.<\/strong><\/p>\n\n\n\n<div style=\"height:40px\" aria-hidden=\"true\" class=\"wp-block-spacer\"><\/div>\n\n\n\n<p><\/p>\n","protected":false},"excerpt":{"rendered":"<p>\u00a1Renta un Auto! \u00a1Y Disfruta de una amplia gama de opciones de movilidad! para satisfacer tus necesidades diarias, viajes de negocios o aventuras de fin de semana. \u00a1Renta desde tu celular! Disponible para Android y iOS. \u00bfC\u00f3mo funciona? Desde tu aplicaci\u00f3n Beepy. Renta con Beepy y disfruta de Comodidad Reserva tu auto desde tu celular &hellip; <a href=\"https:\/\/mybeepy.com\/renta-de-autos-para-empresas\/renta-un-auto-desde-tu-celular\/\" class=\"more-link\">Continue reading<span class=\"screen-reader-text\"> &#8220;Renta un Auto desde tu Celular&#8221;<\/span><\/a><\/p>\n","protected":false},"author":2,"featured_media":0,"parent":0,"menu_order":0,"comment_status":"closed","ping_status":"closed","template":"","meta":{"_monsterinsights_skip_tracking":false,"_monsterinsights_sitenote_active":false,"_monsterinsights_sitenote_note":"","_monsterinsights_sitenote_category":0,"_uf_show_specific_survey":0,"_uf_disable_surveys":false,"footnotes":""},"yoast_head":"<!-- This site is optimized with the Yoast SEO Premium plugin v23.4 (Yoast SEO v23.5) - https:\/\/yoast.com\/wordpress\/plugins\/seo\/ -->\n<title>Renta un Auto desde tu Celular - Beepy - Renta de Autos en M\u00e9xico<\/title>\n<meta name=\"description\" content=\"\u00bfExplorando un nuevo destino? nuestro proceso de alquiler de autos es r\u00e1pido, conveniente y sin complicaciones.\" \/>\n<meta name=\"robots\" content=\"index, follow, max-snippet:-1, max-image-preview:large, max-video-preview:-1\" \/>\n<link rel=\"canonical\" href=\"https:\/\/mybeepy.com\/renta-de-autos-para-empresas\/renta-un-auto-desde-tu-celular\/\" \/>\n<meta property=\"og:locale\" content=\"es_MX\" \/>\n<meta property=\"og:type\" content=\"article\" \/>\n<meta property=\"og:title\" content=\"Renta un Auto desde tu Celular\" \/>\n<meta property=\"og:description\" content=\"\u00bfExplorando un nuevo destino? nuestro proceso de alquiler de autos es r\u00e1pido, conveniente y sin complicaciones.\" \/>\n<meta property=\"og:url\" content=\"https:\/\/mybeepy.com\/renta-de-autos-para-empresas\/renta-un-auto-desde-tu-celular\/\" \/>\n<meta property=\"og:site_name\" content=\"Beepy - Renta de Autos en M\u00e9xico\" \/>\n<meta property=\"article:publisher\" content=\"https:\/\/www.facebook.com\/mybeepy\" \/>\n<meta property=\"article:modified_time\" content=\"2024-04-10T16:00:12+00:00\" \/>\n<meta property=\"og:image\" content=\"https:\/\/www.mybeepy.com\/info\/wp-content\/uploads\/2024\/02\/image.png\" \/>\n<meta name=\"twitter:card\" content=\"summary_large_image\" \/>\n<meta name=\"twitter:site\" content=\"@MyBeepy\" \/>\n<meta name=\"twitter:label1\" content=\"Tiempo de lectura\" \/>\n\t<meta name=\"twitter:data1\" content=\"2 minutos\" \/>\n<script type=\"application\/ld+json\" class=\"yoast-schema-graph\">{\"@context\":\"https:\/\/schema.org\",\"@graph\":[{\"@type\":\"WebPage\",\"@id\":\"https:\/\/mybeepy.com\/renta-de-autos-para-empresas\/renta-un-auto-desde-tu-celular\/\",\"url\":\"https:\/\/mybeepy.com\/renta-de-autos-para-empresas\/renta-un-auto-desde-tu-celular\/\",\"name\":\"Renta un Auto desde tu Celular - Beepy - Renta de Autos en M\u00e9xico\",\"isPartOf\":{\"@id\":\"https:\/\/mybeepy.com\/renta-de-autos-para-empresas\/#website\"},\"primaryImageOfPage\":{\"@id\":\"https:\/\/mybeepy.com\/renta-de-autos-para-empresas\/renta-un-auto-desde-tu-celular\/#primaryimage\"},\"image\":{\"@id\":\"https:\/\/mybeepy.com\/renta-de-autos-para-empresas\/renta-un-auto-desde-tu-celular\/#primaryimage\"},\"thumbnailUrl\":\"https:\/\/www.mybeepy.com\/info\/wp-content\/uploads\/2024\/02\/image.png\",\"datePublished\":\"2024-02-08T15:45:21+00:00\",\"dateModified\":\"2024-04-10T16:00:12+00:00\",\"description\":\"\u00bfExplorando un nuevo destino? nuestro proceso de alquiler de autos es r\u00e1pido, conveniente y sin complicaciones.\",\"breadcrumb\":{\"@id\":\"https:\/\/mybeepy.com\/renta-de-autos-para-empresas\/renta-un-auto-desde-tu-celular\/#breadcrumb\"},\"inLanguage\":\"es-MX\",\"potentialAction\":[{\"@type\":\"ReadAction\",\"target\":[\"https:\/\/mybeepy.com\/renta-de-autos-para-empresas\/renta-un-auto-desde-tu-celular\/\"]}]},{\"@type\":\"ImageObject\",\"inLanguage\":\"es-MX\",\"@id\":\"https:\/\/mybeepy.com\/renta-de-autos-para-empresas\/renta-un-auto-desde-tu-celular\/#primaryimage\",\"url\":\"https:\/\/www.mybeepy.com\/info\/wp-content\/uploads\/2024\/02\/image.png\",\"contentUrl\":\"https:\/\/www.mybeepy.com\/info\/wp-content\/uploads\/2024\/02\/image.png\"},{\"@type\":\"BreadcrumbList\",\"@id\":\"https:\/\/mybeepy.com\/renta-de-autos-para-empresas\/renta-un-auto-desde-tu-celular\/#breadcrumb\",\"itemListElement\":[{\"@type\":\"ListItem\",\"position\":1,\"name\":\"Inicio\",\"item\":\"https:\/\/mybeepy.com\/renta-de-autos-para-empresas\/\"},{\"@type\":\"ListItem\",\"position\":2,\"name\":\"Renta un Auto desde tu Celular\"}]},{\"@type\":\"WebSite\",\"@id\":\"https:\/\/mybeepy.com\/renta-de-autos-para-empresas\/#website\",\"url\":\"https:\/\/mybeepy.com\/renta-de-autos-para-empresas\/\",\"name\":\"Beepy\",\"description\":\"Renta de autos para empresas y particulares | Accede a tarifas m\u00e1s competitivas y disfruta de una experiencia de viaje completamente personalizada y flexible. Con Seguro Amplio, sin costos sorpresa y sin filas. Optimiza la movilidad de tu empresa. Reserva f\u00e1cil desde nuestra app m\u00f3vil.\",\"publisher\":{\"@id\":\"https:\/\/mybeepy.com\/renta-de-autos-para-empresas\/#organization\"},\"potentialAction\":[{\"@type\":\"SearchAction\",\"target\":{\"@type\":\"EntryPoint\",\"urlTemplate\":\"https:\/\/mybeepy.com\/renta-de-autos-para-empresas\/?s={search_term_string}\"},\"query-input\":{\"@type\":\"PropertyValueSpecification\",\"valueRequired\":true,\"valueName\":\"search_term_string\"}}],\"inLanguage\":\"es-MX\"},{\"@type\":\"Organization\",\"@id\":\"https:\/\/mybeepy.com\/renta-de-autos-para-empresas\/#organization\",\"name\":\"Beepy Share\",\"url\":\"https:\/\/mybeepy.com\/renta-de-autos-para-empresas\/\",\"logo\":{\"@type\":\"ImageObject\",\"inLanguage\":\"es-MX\",\"@id\":\"https:\/\/mybeepy.com\/renta-de-autos-para-empresas\/#\/schema\/logo\/image\/\",\"url\":\"https:\/\/mybeepy.com\/wp-content\/uploads\/2024\/08\/beepy_logo-blanco-PNG.png\",\"contentUrl\":\"https:\/\/mybeepy.com\/wp-content\/uploads\/2024\/08\/beepy_logo-blanco-PNG.png\",\"width\":565,\"height\":125,\"caption\":\"Beepy Share\"},\"image\":{\"@id\":\"https:\/\/mybeepy.com\/renta-de-autos-para-empresas\/#\/schema\/logo\/image\/\"},\"sameAs\":[\"https:\/\/www.facebook.com\/mybeepy\",\"https:\/\/x.com\/MyBeepy\",\"https:\/\/www.instagram.com\/mybeepy\/\",\"https:\/\/www.tiktok.com\/@mybeepymx\"]}]}<\/script>\n<!-- \/ Yoast SEO Premium plugin. -->","yoast_head_json":{"title":"Renta un Auto desde tu Celular - Beepy - Renta de Autos en M\u00e9xico","description":"\u00bfExplorando un nuevo destino? nuestro proceso de alquiler de autos es r\u00e1pido, conveniente y sin complicaciones.","robots":{"index":"index","follow":"follow","max-snippet":"max-snippet:-1","max-image-preview":"max-image-preview:large","max-video-preview":"max-video-preview:-1"},"canonical":"https:\/\/mybeepy.com\/renta-de-autos-para-empresas\/renta-un-auto-desde-tu-celular\/","og_locale":"es_MX","og_type":"article","og_title":"Renta un Auto desde tu Celular","og_description":"\u00bfExplorando un nuevo destino? nuestro proceso de alquiler de autos es r\u00e1pido, conveniente y sin complicaciones.","og_url":"https:\/\/mybeepy.com\/renta-de-autos-para-empresas\/renta-un-auto-desde-tu-celular\/","og_site_name":"Beepy - Renta de Autos en M\u00e9xico","article_publisher":"https:\/\/www.facebook.com\/mybeepy","article_modified_time":"2024-04-10T16:00:12+00:00","og_image":[{"url":"https:\/\/www.mybeepy.com\/info\/wp-content\/uploads\/2024\/02\/image.png"}],"twitter_card":"summary_large_image","twitter_site":"@MyBeepy","twitter_misc":{"Tiempo de lectura":"2 minutos"},"schema":{"@context":"https:\/\/schema.org","@graph":[{"@type":"WebPage","@id":"https:\/\/mybeepy.com\/renta-de-autos-para-empresas\/renta-un-auto-desde-tu-celular\/","url":"https:\/\/mybeepy.com\/renta-de-autos-para-empresas\/renta-un-auto-desde-tu-celular\/","name":"Renta un Auto desde tu Celular - Beepy - Renta de Autos en M\u00e9xico","isPartOf":{"@id":"https:\/\/mybeepy.com\/renta-de-autos-para-empresas\/#website"},"primaryImageOfPage":{"@id":"https:\/\/mybeepy.com\/renta-de-autos-para-empresas\/renta-un-auto-desde-tu-celular\/#primaryimage"},"image":{"@id":"https:\/\/mybeepy.com\/renta-de-autos-para-empresas\/renta-un-auto-desde-tu-celular\/#primaryimage"},"thumbnailUrl":"https:\/\/www.mybeepy.com\/info\/wp-content\/uploads\/2024\/02\/image.png","datePublished":"2024-02-08T15:45:21+00:00","dateModified":"2024-04-10T16:00:12+00:00","description":"\u00bfExplorando un nuevo destino? nuestro proceso de alquiler de autos es r\u00e1pido, conveniente y sin complicaciones.","breadcrumb":{"@id":"https:\/\/mybeepy.com\/renta-de-autos-para-empresas\/renta-un-auto-desde-tu-celular\/#breadcrumb"},"inLanguage":"es-MX","potentialAction":[{"@type":"ReadAction","target":["https:\/\/mybeepy.com\/renta-de-autos-para-empresas\/renta-un-auto-desde-tu-celular\/"]}]},{"@type":"ImageObject","inLanguage":"es-MX","@id":"https:\/\/mybeepy.com\/renta-de-autos-para-empresas\/renta-un-auto-desde-tu-celular\/#primaryimage","url":"https:\/\/www.mybeepy.com\/info\/wp-content\/uploads\/2024\/02\/image.png","contentUrl":"https:\/\/www.mybeepy.com\/info\/wp-content\/uploads\/2024\/02\/image.png"},{"@type":"BreadcrumbList","@id":"https:\/\/mybeepy.com\/renta-de-autos-para-empresas\/renta-un-auto-desde-tu-celular\/#breadcrumb","itemListElement":[{"@type":"ListItem","position":1,"name":"Inicio","item":"https:\/\/mybeepy.com\/renta-de-autos-para-empresas\/"},{"@type":"ListItem","position":2,"name":"Renta un Auto desde tu Celular"}]},{"@type":"WebSite","@id":"https:\/\/mybeepy.com\/renta-de-autos-para-empresas\/#website","url":"https:\/\/mybeepy.com\/renta-de-autos-para-empresas\/","name":"Beepy","description":"Renta de autos para empresas y particulares | Accede a tarifas m\u00e1s competitivas y disfruta de una experiencia de viaje completamente personalizada y flexible. Con Seguro Amplio, sin costos sorpresa y sin filas. Optimiza la movilidad de tu empresa. Reserva f\u00e1cil desde nuestra app m\u00f3vil.","publisher":{"@id":"https:\/\/mybeepy.com\/renta-de-autos-para-empresas\/#organization"},"potentialAction":[{"@type":"SearchAction","target":{"@type":"EntryPoint","urlTemplate":"https:\/\/mybeepy.com\/renta-de-autos-para-empresas\/?s={search_term_string}"},"query-input":{"@type":"PropertyValueSpecification","valueRequired":true,"valueName":"search_term_string"}}],"inLanguage":"es-MX"},{"@type":"Organization","@id":"https:\/\/mybeepy.com\/renta-de-autos-para-empresas\/#organization","name":"Beepy Share","url":"https:\/\/mybeepy.com\/renta-de-autos-para-empresas\/","logo":{"@type":"ImageObject","inLanguage":"es-MX","@id":"https:\/\/mybeepy.com\/renta-de-autos-para-empresas\/#\/schema\/logo\/image\/","url":"https:\/\/mybeepy.com\/wp-content\/uploads\/2024\/08\/beepy_logo-blanco-PNG.png","contentUrl":"https:\/\/mybeepy.com\/wp-content\/uploads\/2024\/08\/beepy_logo-blanco-PNG.png","width":565,"height":125,"caption":"Beepy Share"},"image":{"@id":"https:\/\/mybeepy.com\/renta-de-autos-para-empresas\/#\/schema\/logo\/image\/"},"sameAs":["https:\/\/www.facebook.com\/mybeepy","https:\/\/x.com\/MyBeepy","https:\/\/www.instagram.com\/mybeepy\/","https:\/\/www.tiktok.com\/@mybeepymx"]}]}},"_links":{"self":[{"href":"https:\/\/mybeepy.com\/renta-de-autos-para-empresas\/wp-json\/wp\/v2\/pages\/1021"}],"collection":[{"href":"https:\/\/mybeepy.com\/renta-de-autos-para-empresas\/wp-json\/wp\/v2\/pages"}],"about":[{"href":"https:\/\/mybeepy.com\/renta-de-autos-para-empresas\/wp-json\/wp\/v2\/types\/page"}],"author":[{"embeddable":true,"href":"https:\/\/mybeepy.com\/renta-de-autos-para-empresas\/wp-json\/wp\/v2\/users\/2"}],"replies":[{"embeddable":true,"href":"https:\/\/mybeepy.com\/renta-de-autos-para-empresas\/wp-json\/wp\/v2\/comments?post=1021"}],"version-history":[{"count":72,"href":"https:\/\/mybeepy.com\/renta-de-autos-para-empresas\/wp-json\/wp\/v2\/pages\/1021\/revisions"}],"predecessor-version":[{"id":1559,"href":"https:\/\/mybeepy.com\/renta-de-autos-para-empresas\/wp-json\/wp\/v2\/pages\/1021\/revisions\/1559"}],"wp:attachment":[{"href":"https:\/\/mybeepy.com\/renta-de-autos-para-empresas\/wp-json\/wp\/v2\/media?parent=1021"}],"curies":[{"name":"wp","href":"https:\/\/api.w.org\/{rel}","templated":true}]}}