{"id":1319,"date":"2024-03-05T21:08:14","date_gmt":"2024-03-06T03:08:14","guid":{"rendered":"https:\/\/www.mybeepy.com\/info\/home\/"},"modified":"2024-07-14T04:00:26","modified_gmt":"2024-07-14T10:00:26","slug":"home","status":"publish","type":"page","link":"https:\/\/mybeepy.com\/renta-de-autos-para-empresas\/home\/","title":{"rendered":"Home"},"content":{"rendered":"<p>Calidad asegurada,<\/p>\n<p>                en la renta de un auto!<\/p>\n<p>                 Mu\u00e9vete a tu ritmo en un autode un Socio Beepy.<\/p>\n<p>                 \u00a1R\u00e9ntalo ahora!<\/p>\n<p>         Renta el auto ideal<br \/>\n        para tus empleados, f\u00e1cil y con un clic<\/p>\n<p>         \u00a1RENTA UN AUTO AQU\u00cd!<\/p>\n<p>         Prueba la primer app de renta de autos<br \/>\n         en Latinoam\u00e9rica<\/p>\n<p>                   \u00a1Busca reserva y conduce!<\/p>\n<p>                     Descarga Beepy en Apple Store o Play Store.&nbsp;<br \/>\n                     Busca la ciudad de destino y elige el auto ideal para tu viaje.&nbsp;<br \/>\n                     Completa la informaci\u00f3n de renta y haz match con el auto.&nbsp;<br \/>\n                     \u00a1Y listo! Espera la confirmaci\u00f3n del due\u00f1o del auto y comienza a viajar en minutos. <\/p>\n<p>         En Beepy<br \/>\n         nos preocupa<br \/>\n        tu seguridad<br \/>\n         Te brindamos un<br \/>\n         Seguro de Cobertura Amplia<br \/>\n         En cada viaje que tengas con nosotros obtendr\u00e1s un Seguro el cual podr\u00e1s acceder de el las veces que lo necesites.Este te respalda en contra de da\u00f1os parciales o totales, da\u00f1os a terceros y propiedad privada, conductor y acompa\u00f1antes.<\/p>\n<p>            Conoce con quienes&nbsp;<\/p>\n<p>              colaboramos<\/p>\n<p>         Preguntas Frecuentes<\/p>\n<p>                             Requisitos para Rentar un Auto<\/p>\n<p>                             Requisitos para Subir mi Auto\/s<\/p>\n<p>                             \u00bfQu\u00e9 pasa si da\u00f1o el auto que rente?<\/p>\n<p>                             \u00bfC\u00f3mo calcular mis ganancias?<\/p>\n<p>                             \u00bfQu\u00e9 cubre el Seguro de Cobertura Amplia?<\/p>\n<p>                             \u00bfC\u00f3mo me garantiza Beepy que mi auto lo maneja alguien seguro?<\/p>\n","protected":false},"excerpt":{"rendered":"<p>Calidad asegurada, en la renta de un auto! Mu\u00e9vete a tu ritmo en un autode un Socio Beepy. \u00a1R\u00e9ntalo ahora! Renta el auto ideal para tus empleados, f\u00e1cil y con un clic \u00a1RENTA UN AUTO AQU\u00cd! Prueba la primer app de renta de autos en Latinoam\u00e9rica \u00a1Busca reserva y conduce! Descarga Beepy en Apple Store &hellip; <a href=\"https:\/\/mybeepy.com\/renta-de-autos-para-empresas\/home\/\" class=\"more-link\">Continue reading<span class=\"screen-reader-text\"> &#8220;Home&#8221;<\/span><\/a><\/p>\n","protected":false},"author":1,"featured_media":0,"parent":0,"menu_order":7,"comment_status":"closed","ping_status":"closed","template":"","meta":{"_monsterinsights_skip_tracking":false,"_monsterinsights_sitenote_active":false,"_monsterinsights_sitenote_note":"","_monsterinsights_sitenote_category":0,"_uf_show_specific_survey":0,"_uf_disable_surveys":false,"footnotes":""},"yoast_head":"<!-- This site is optimized with the Yoast SEO Premium plugin v23.4 (Yoast SEO v23.5) - https:\/\/yoast.com\/wordpress\/plugins\/seo\/ -->\n<title>Home - Beepy - Renta de Autos en M\u00e9xico<\/title>\n<meta name=\"robots\" content=\"index, follow, max-snippet:-1, max-image-preview:large, max-video-preview:-1\" \/>\n<link rel=\"canonical\" href=\"https:\/\/mybeepy.com\/renta-de-autos-para-empresas\/home\/\" \/>\n<meta property=\"og:locale\" content=\"es_MX\" \/>\n<meta property=\"og:type\" content=\"article\" \/>\n<meta property=\"og:title\" content=\"Home\" \/>\n<meta property=\"og:description\" content=\"Calidad asegurada, en la renta de un auto! Mu\u00e9vete a tu ritmo en un autode un Socio Beepy. \u00a1R\u00e9ntalo ahora! Renta el auto ideal para tus empleados, f\u00e1cil y con un clic \u00a1RENTA UN AUTO AQU\u00cd! Prueba la primer app de renta de autos en Latinoam\u00e9rica \u00a1Busca reserva y conduce! Descarga Beepy en Apple Store &hellip; Continue reading &quot;Home&quot;\" \/>\n<meta property=\"og:url\" content=\"https:\/\/mybeepy.com\/renta-de-autos-para-empresas\/home\/\" \/>\n<meta property=\"og:site_name\" content=\"Beepy - Renta de Autos en M\u00e9xico\" \/>\n<meta property=\"article:publisher\" content=\"https:\/\/www.facebook.com\/mybeepy\" \/>\n<meta property=\"article:modified_time\" content=\"2024-07-14T10:00:26+00:00\" \/>\n<meta name=\"twitter:card\" content=\"summary_large_image\" \/>\n<meta name=\"twitter:site\" content=\"@MyBeepy\" \/>\n<meta name=\"twitter:label1\" content=\"Tiempo de lectura\" \/>\n\t<meta name=\"twitter:data1\" content=\"3 minutos\" \/>\n<script type=\"application\/ld+json\" class=\"yoast-schema-graph\">{\"@context\":\"https:\/\/schema.org\",\"@graph\":[{\"@type\":\"WebPage\",\"@id\":\"https:\/\/mybeepy.com\/renta-de-autos-para-empresas\/home\/\",\"url\":\"https:\/\/mybeepy.com\/renta-de-autos-para-empresas\/home\/\",\"name\":\"Home - Beepy - Renta de Autos en M\u00e9xico\",\"isPartOf\":{\"@id\":\"https:\/\/mybeepy.com\/renta-de-autos-para-empresas\/#website\"},\"datePublished\":\"2024-03-06T03:08:14+00:00\",\"dateModified\":\"2024-07-14T10:00:26+00:00\",\"breadcrumb\":{\"@id\":\"https:\/\/mybeepy.com\/renta-de-autos-para-empresas\/home\/#breadcrumb\"},\"inLanguage\":\"es-MX\",\"potentialAction\":[{\"@type\":\"ReadAction\",\"target\":[\"https:\/\/mybeepy.com\/renta-de-autos-para-empresas\/home\/\"]}]},{\"@type\":\"BreadcrumbList\",\"@id\":\"https:\/\/mybeepy.com\/renta-de-autos-para-empresas\/home\/#breadcrumb\",\"itemListElement\":[{\"@type\":\"ListItem\",\"position\":1,\"name\":\"Inicio\",\"item\":\"https:\/\/mybeepy.com\/renta-de-autos-para-empresas\/\"},{\"@type\":\"ListItem\",\"position\":2,\"name\":\"Home\"}]},{\"@type\":\"WebSite\",\"@id\":\"https:\/\/mybeepy.com\/renta-de-autos-para-empresas\/#website\",\"url\":\"https:\/\/mybeepy.com\/renta-de-autos-para-empresas\/\",\"name\":\"Beepy\",\"description\":\"Renta de autos para empresas y particulares | Accede a tarifas m\u00e1s competitivas y disfruta de una experiencia de viaje completamente personalizada y flexible. Con Seguro Amplio, sin costos sorpresa y sin filas. Optimiza la movilidad de tu empresa. Reserva f\u00e1cil desde nuestra app m\u00f3vil.\",\"publisher\":{\"@id\":\"https:\/\/mybeepy.com\/renta-de-autos-para-empresas\/#organization\"},\"potentialAction\":[{\"@type\":\"SearchAction\",\"target\":{\"@type\":\"EntryPoint\",\"urlTemplate\":\"https:\/\/mybeepy.com\/renta-de-autos-para-empresas\/?s={search_term_string}\"},\"query-input\":{\"@type\":\"PropertyValueSpecification\",\"valueRequired\":true,\"valueName\":\"search_term_string\"}}],\"inLanguage\":\"es-MX\"},{\"@type\":\"Organization\",\"@id\":\"https:\/\/mybeepy.com\/renta-de-autos-para-empresas\/#organization\",\"name\":\"Beepy Share\",\"url\":\"https:\/\/mybeepy.com\/renta-de-autos-para-empresas\/\",\"logo\":{\"@type\":\"ImageObject\",\"inLanguage\":\"es-MX\",\"@id\":\"https:\/\/mybeepy.com\/renta-de-autos-para-empresas\/#\/schema\/logo\/image\/\",\"url\":\"https:\/\/mybeepy.com\/wp-content\/uploads\/2024\/08\/beepy_logo-blanco-PNG.png\",\"contentUrl\":\"https:\/\/mybeepy.com\/wp-content\/uploads\/2024\/08\/beepy_logo-blanco-PNG.png\",\"width\":565,\"height\":125,\"caption\":\"Beepy Share\"},\"image\":{\"@id\":\"https:\/\/mybeepy.com\/renta-de-autos-para-empresas\/#\/schema\/logo\/image\/\"},\"sameAs\":[\"https:\/\/www.facebook.com\/mybeepy\",\"https:\/\/x.com\/MyBeepy\",\"https:\/\/www.instagram.com\/mybeepy\/\",\"https:\/\/www.tiktok.com\/@mybeepymx\"]}]}<\/script>\n<!-- \/ Yoast SEO Premium plugin. -->","yoast_head_json":{"title":"Home - Beepy - Renta de Autos en M\u00e9xico","robots":{"index":"index","follow":"follow","max-snippet":"max-snippet:-1","max-image-preview":"max-image-preview:large","max-video-preview":"max-video-preview:-1"},"canonical":"https:\/\/mybeepy.com\/renta-de-autos-para-empresas\/home\/","og_locale":"es_MX","og_type":"article","og_title":"Home","og_description":"Calidad asegurada, en la renta de un auto! Mu\u00e9vete a tu ritmo en un autode un Socio Beepy. \u00a1R\u00e9ntalo ahora! Renta el auto ideal para tus empleados, f\u00e1cil y con un clic \u00a1RENTA UN AUTO AQU\u00cd! Prueba la primer app de renta de autos en Latinoam\u00e9rica \u00a1Busca reserva y conduce! Descarga Beepy en Apple Store &hellip; Continue reading \"Home\"","og_url":"https:\/\/mybeepy.com\/renta-de-autos-para-empresas\/home\/","og_site_name":"Beepy - Renta de Autos en M\u00e9xico","article_publisher":"https:\/\/www.facebook.com\/mybeepy","article_modified_time":"2024-07-14T10:00:26+00:00","twitter_card":"summary_large_image","twitter_site":"@MyBeepy","twitter_misc":{"Tiempo de lectura":"3 minutos"},"schema":{"@context":"https:\/\/schema.org","@graph":[{"@type":"WebPage","@id":"https:\/\/mybeepy.com\/renta-de-autos-para-empresas\/home\/","url":"https:\/\/mybeepy.com\/renta-de-autos-para-empresas\/home\/","name":"Home - Beepy - Renta de Autos en M\u00e9xico","isPartOf":{"@id":"https:\/\/mybeepy.com\/renta-de-autos-para-empresas\/#website"},"datePublished":"2024-03-06T03:08:14+00:00","dateModified":"2024-07-14T10:00:26+00:00","breadcrumb":{"@id":"https:\/\/mybeepy.com\/renta-de-autos-para-empresas\/home\/#breadcrumb"},"inLanguage":"es-MX","potentialAction":[{"@type":"ReadAction","target":["https:\/\/mybeepy.com\/renta-de-autos-para-empresas\/home\/"]}]},{"@type":"BreadcrumbList","@id":"https:\/\/mybeepy.com\/renta-de-autos-para-empresas\/home\/#breadcrumb","itemListElement":[{"@type":"ListItem","position":1,"name":"Inicio","item":"https:\/\/mybeepy.com\/renta-de-autos-para-empresas\/"},{"@type":"ListItem","position":2,"name":"Home"}]},{"@type":"WebSite","@id":"https:\/\/mybeepy.com\/renta-de-autos-para-empresas\/#website","url":"https:\/\/mybeepy.com\/renta-de-autos-para-empresas\/","name":"Beepy","description":"Renta de autos para empresas y particulares | Accede a tarifas m\u00e1s competitivas y disfruta de una experiencia de viaje completamente personalizada y flexible. Con Seguro Amplio, sin costos sorpresa y sin filas. Optimiza la movilidad de tu empresa. Reserva f\u00e1cil desde nuestra app m\u00f3vil.","publisher":{"@id":"https:\/\/mybeepy.com\/renta-de-autos-para-empresas\/#organization"},"potentialAction":[{"@type":"SearchAction","target":{"@type":"EntryPoint","urlTemplate":"https:\/\/mybeepy.com\/renta-de-autos-para-empresas\/?s={search_term_string}"},"query-input":{"@type":"PropertyValueSpecification","valueRequired":true,"valueName":"search_term_string"}}],"inLanguage":"es-MX"},{"@type":"Organization","@id":"https:\/\/mybeepy.com\/renta-de-autos-para-empresas\/#organization","name":"Beepy Share","url":"https:\/\/mybeepy.com\/renta-de-autos-para-empresas\/","logo":{"@type":"ImageObject","inLanguage":"es-MX","@id":"https:\/\/mybeepy.com\/renta-de-autos-para-empresas\/#\/schema\/logo\/image\/","url":"https:\/\/mybeepy.com\/wp-content\/uploads\/2024\/08\/beepy_logo-blanco-PNG.png","contentUrl":"https:\/\/mybeepy.com\/wp-content\/uploads\/2024\/08\/beepy_logo-blanco-PNG.png","width":565,"height":125,"caption":"Beepy Share"},"image":{"@id":"https:\/\/mybeepy.com\/renta-de-autos-para-empresas\/#\/schema\/logo\/image\/"},"sameAs":["https:\/\/www.facebook.com\/mybeepy","https:\/\/x.com\/MyBeepy","https:\/\/www.instagram.com\/mybeepy\/","https:\/\/www.tiktok.com\/@mybeepymx"]}]}},"_links":{"self":[{"href":"https:\/\/mybeepy.com\/renta-de-autos-para-empresas\/wp-json\/wp\/v2\/pages\/1319"}],"collection":[{"href":"https:\/\/mybeepy.com\/renta-de-autos-para-empresas\/wp-json\/wp\/v2\/pages"}],"about":[{"href":"https:\/\/mybeepy.com\/renta-de-autos-para-empresas\/wp-json\/wp\/v2\/types\/page"}],"author":[{"embeddable":true,"href":"https:\/\/mybeepy.com\/renta-de-autos-para-empresas\/wp-json\/wp\/v2\/users\/1"}],"replies":[{"embeddable":true,"href":"https:\/\/mybeepy.com\/renta-de-autos-para-empresas\/wp-json\/wp\/v2\/comments?post=1319"}],"version-history":[{"count":29,"href":"https:\/\/mybeepy.com\/renta-de-autos-para-empresas\/wp-json\/wp\/v2\/pages\/1319\/revisions"}],"predecessor-version":[{"id":1729,"href":"https:\/\/mybeepy.com\/renta-de-autos-para-empresas\/wp-json\/wp\/v2\/pages\/1319\/revisions\/1729"}],"wp:attachment":[{"href":"https:\/\/mybeepy.com\/renta-de-autos-para-empresas\/wp-json\/wp\/v2\/media?parent=1319"}],"curies":[{"name":"wp","href":"https:\/\/api.w.org\/{rel}","templated":true}]}}