{"id":1320,"date":"2024-03-05T21:08:15","date_gmt":"2024-03-06T03:08:15","guid":{"rendered":"https:\/\/www.mybeepy.com\/info\/partners-2\/"},"modified":"2024-03-13T09:26:26","modified_gmt":"2024-03-13T15:26:26","slug":"partners-2","status":"publish","type":"page","link":"https:\/\/mybeepy.com\/renta-de-autos-para-empresas\/partners-2\/","title":{"rendered":"Partners"},"content":{"rendered":"<p>Mu\u00e9vete para ganar dinero extra<br \/>\n                       S\u00e9 tu propio jefe<br \/>\n                       Sube tus autos y arma tu flotilla.<\/p>\n<p>                       \u00a1SUBE TUS AUTOS AQU\u00cd!<\/p>\n<p>         Mu\u00e9vete para alcanzar el \u00e9xito<br \/>\n         Obt\u00e9n un ingreso extra, empieza un negocio o digitaliza tu flotilla de autos con Beepy, el primer paso es asociarte hoy mismo, en poco tiempo estar\u00e1s generando dinero.<\/p>\n<p>            \u00bfC\u00f3mo funciona Beepy?<\/p>\n<p>                       Registrate como Socio y<br \/>\n                       valida tu perfil<\/p>\n<p>                       Sube tu auto o autos<br \/>\n                       al cat\u00e1logo<\/p>\n<p>                       \u00a1Empieza a rentar ! <\/p>\n<p>                       Darte de alta en Beepy es f\u00e1cil, s\u00f3lo tienes que descargar la app y seguir el proceso de registro, cuando termines uno de nuestros agentes validar\u00e1 tu perfil.<\/p>\n<p>                       Registra tus autos en la plataforma, llena los formularios con las caracter\u00edsticas de cada uno y establece sus precios.<\/p>\n<p>                       \u00a1Ahora s\u00f3lo debes esperar a que un usuario reserve tus autos!<\/p>\n<p>            Beneficios de ser Socio Beepy<\/p>\n<p>                 Seguro de Cobertura Amplia<br \/>\n                 \u00a1Tu auto est\u00e1 aseguardo por nosotros! Brindamos un Seguro especial de renta el cual tiene cobertura para cualquier siniestro.&nbsp;Lo mejor es que \u00a1NO TIENE COSTO! <\/p>\n<p>                 Seguridad y Soporte<br \/>\n                 Ten la seguridad que la persona que renta tu auto es confiable y validada por Beepy.&nbsp;Antes todos nuestros usuarios y socios pasan por una verificaci\u00f3n de identidad. <\/p>\n<p>                 Tu eliges cu\u00e1nto ganar por d\u00eda<br \/>\n                 \u00a1Tu auto, tus reglas! En Beepy te asesoramos de acuerdo a un protoc\u00f3lo de rentabilidad pero al final del d\u00eda ser\u00e1s tu quien decida cu\u00e1nto, en d\u00f3nde, y cu\u00e1ndo poner en renta tu auto.<\/p>\n<p>                 App intuitiva y f\u00e1cil de usar<br \/>\n                 \u00a1No te preocupes por la t\u00e9cnologia! La app de Beepy fue dise\u00f1ada para que puedas navegar f\u00e1cilmente entre las secciones y en un clic subir tu auto. Aunque si eres m\u00e1s visual te recomendamos ver nuestros tutoriales en YouTube.<\/p>\n<p>         \u00a1Digitaliza tu flotilla!<br \/>\n         \u00a1Convi\u00e9rtete en Socio!<\/p>\n","protected":false},"excerpt":{"rendered":"<p>Mu\u00e9vete para ganar dinero extra S\u00e9 tu propio jefe Sube tus autos y arma tu flotilla. \u00a1SUBE TUS AUTOS AQU\u00cd! Mu\u00e9vete para alcanzar el \u00e9xito Obt\u00e9n un ingreso extra, empieza un negocio o digitaliza tu flotilla de autos con Beepy, el primer paso es asociarte hoy mismo, en poco tiempo estar\u00e1s generando dinero. \u00bfC\u00f3mo funciona &hellip; <a href=\"https:\/\/mybeepy.com\/renta-de-autos-para-empresas\/partners-2\/\" class=\"more-link\">Continue reading<span class=\"screen-reader-text\"> &#8220;Partners&#8221;<\/span><\/a><\/p>\n","protected":false},"author":1,"featured_media":0,"parent":0,"menu_order":8,"comment_status":"closed","ping_status":"closed","template":"","meta":{"_monsterinsights_skip_tracking":false,"_monsterinsights_sitenote_active":false,"_monsterinsights_sitenote_note":"","_monsterinsights_sitenote_category":0,"_uf_show_specific_survey":0,"_uf_disable_surveys":false,"footnotes":""},"yoast_head":"<!-- This site is optimized with the Yoast SEO Premium plugin v23.4 (Yoast SEO v23.5) - https:\/\/yoast.com\/wordpress\/plugins\/seo\/ -->\n<title>Partners - Beepy - Renta de Autos en M\u00e9xico<\/title>\n<meta name=\"robots\" content=\"index, follow, max-snippet:-1, max-image-preview:large, max-video-preview:-1\" \/>\n<link rel=\"canonical\" href=\"https:\/\/mybeepy.com\/renta-de-autos-para-empresas\/partners-2\/\" \/>\n<meta property=\"og:locale\" content=\"es_ES\" \/>\n<meta property=\"og:type\" content=\"article\" \/>\n<meta property=\"og:title\" content=\"Partners\" \/>\n<meta property=\"og:description\" content=\"Mu\u00e9vete para ganar dinero extra S\u00e9 tu propio jefe Sube tus autos y arma tu flotilla. \u00a1SUBE TUS AUTOS AQU\u00cd! Mu\u00e9vete para alcanzar el \u00e9xito Obt\u00e9n un ingreso extra, empieza un negocio o digitaliza tu flotilla de autos con Beepy, el primer paso es asociarte hoy mismo, en poco tiempo estar\u00e1s generando dinero. \u00bfC\u00f3mo funciona &hellip; Continue reading &quot;Partners&quot;\" \/>\n<meta property=\"og:url\" content=\"https:\/\/mybeepy.com\/renta-de-autos-para-empresas\/partners-2\/\" \/>\n<meta property=\"og:site_name\" content=\"Beepy - Renta de Autos en M\u00e9xico\" \/>\n<meta property=\"article:publisher\" content=\"https:\/\/www.facebook.com\/mybeepy\" \/>\n<meta property=\"article:modified_time\" content=\"2024-03-13T15:26:26+00:00\" \/>\n<meta name=\"twitter:card\" content=\"summary_large_image\" \/>\n<meta name=\"twitter:site\" content=\"@MyBeepy\" \/>\n<meta name=\"twitter:label1\" content=\"Tiempo de lectura\" \/>\n\t<meta name=\"twitter:data1\" content=\"3 minutos\" \/>\n<script type=\"application\/ld+json\" class=\"yoast-schema-graph\">{\"@context\":\"https:\/\/schema.org\",\"@graph\":[{\"@type\":\"WebPage\",\"@id\":\"https:\/\/mybeepy.com\/renta-de-autos-para-empresas\/partners-2\/\",\"url\":\"https:\/\/mybeepy.com\/renta-de-autos-para-empresas\/partners-2\/\",\"name\":\"Partners - Beepy - Renta de Autos en M\u00e9xico\",\"isPartOf\":{\"@id\":\"https:\/\/mybeepy.com\/renta-de-autos-para-empresas\/#website\"},\"datePublished\":\"2024-03-06T03:08:15+00:00\",\"dateModified\":\"2024-03-13T15:26:26+00:00\",\"breadcrumb\":{\"@id\":\"https:\/\/mybeepy.com\/renta-de-autos-para-empresas\/partners-2\/#breadcrumb\"},\"inLanguage\":\"es-ES\",\"potentialAction\":[{\"@type\":\"ReadAction\",\"target\":[\"https:\/\/mybeepy.com\/renta-de-autos-para-empresas\/partners-2\/\"]}]},{\"@type\":\"BreadcrumbList\",\"@id\":\"https:\/\/mybeepy.com\/renta-de-autos-para-empresas\/partners-2\/#breadcrumb\",\"itemListElement\":[{\"@type\":\"ListItem\",\"position\":1,\"name\":\"Inicio\",\"item\":\"https:\/\/mybeepy.com\/renta-de-autos-para-empresas\/\"},{\"@type\":\"ListItem\",\"position\":2,\"name\":\"Partners\"}]},{\"@type\":\"WebSite\",\"@id\":\"https:\/\/mybeepy.com\/renta-de-autos-para-empresas\/#website\",\"url\":\"https:\/\/mybeepy.com\/renta-de-autos-para-empresas\/\",\"name\":\"Beepy\",\"description\":\"Renta de autos para empresas y particulares | Accede a tarifas m\u00e1s competitivas y disfruta de una experiencia de viaje completamente personalizada y flexible. Con Seguro Amplio, sin costos sorpresa y sin filas. Optimiza la movilidad de tu empresa. Reserva f\u00e1cil desde nuestra app m\u00f3vil.\",\"publisher\":{\"@id\":\"https:\/\/mybeepy.com\/renta-de-autos-para-empresas\/#organization\"},\"potentialAction\":[{\"@type\":\"SearchAction\",\"target\":{\"@type\":\"EntryPoint\",\"urlTemplate\":\"https:\/\/mybeepy.com\/renta-de-autos-para-empresas\/?s={search_term_string}\"},\"query-input\":{\"@type\":\"PropertyValueSpecification\",\"valueRequired\":true,\"valueName\":\"search_term_string\"}}],\"inLanguage\":\"es-ES\"},{\"@type\":\"Organization\",\"@id\":\"https:\/\/mybeepy.com\/renta-de-autos-para-empresas\/#organization\",\"name\":\"Beepy Share\",\"url\":\"https:\/\/mybeepy.com\/renta-de-autos-para-empresas\/\",\"logo\":{\"@type\":\"ImageObject\",\"inLanguage\":\"es-ES\",\"@id\":\"https:\/\/mybeepy.com\/renta-de-autos-para-empresas\/#\/schema\/logo\/image\/\",\"url\":\"https:\/\/mybeepy.com\/wp-content\/uploads\/2024\/08\/beepy_logo-blanco-PNG.png\",\"contentUrl\":\"https:\/\/mybeepy.com\/wp-content\/uploads\/2024\/08\/beepy_logo-blanco-PNG.png\",\"width\":565,\"height\":125,\"caption\":\"Beepy Share\"},\"image\":{\"@id\":\"https:\/\/mybeepy.com\/renta-de-autos-para-empresas\/#\/schema\/logo\/image\/\"},\"sameAs\":[\"https:\/\/www.facebook.com\/mybeepy\",\"https:\/\/x.com\/MyBeepy\",\"https:\/\/www.instagram.com\/mybeepy\/\",\"https:\/\/www.tiktok.com\/@mybeepymx\"]}]}<\/script>\n<!-- \/ Yoast SEO Premium plugin. -->","yoast_head_json":{"title":"Partners - Beepy - Renta de Autos en M\u00e9xico","robots":{"index":"index","follow":"follow","max-snippet":"max-snippet:-1","max-image-preview":"max-image-preview:large","max-video-preview":"max-video-preview:-1"},"canonical":"https:\/\/mybeepy.com\/renta-de-autos-para-empresas\/partners-2\/","og_locale":"es_ES","og_type":"article","og_title":"Partners","og_description":"Mu\u00e9vete para ganar dinero extra S\u00e9 tu propio jefe Sube tus autos y arma tu flotilla. \u00a1SUBE TUS AUTOS AQU\u00cd! Mu\u00e9vete para alcanzar el \u00e9xito Obt\u00e9n un ingreso extra, empieza un negocio o digitaliza tu flotilla de autos con Beepy, el primer paso es asociarte hoy mismo, en poco tiempo estar\u00e1s generando dinero. \u00bfC\u00f3mo funciona &hellip; Continue reading \"Partners\"","og_url":"https:\/\/mybeepy.com\/renta-de-autos-para-empresas\/partners-2\/","og_site_name":"Beepy - Renta de Autos en M\u00e9xico","article_publisher":"https:\/\/www.facebook.com\/mybeepy","article_modified_time":"2024-03-13T15:26:26+00:00","twitter_card":"summary_large_image","twitter_site":"@MyBeepy","twitter_misc":{"Tiempo de lectura":"3 minutos"},"schema":{"@context":"https:\/\/schema.org","@graph":[{"@type":"WebPage","@id":"https:\/\/mybeepy.com\/renta-de-autos-para-empresas\/partners-2\/","url":"https:\/\/mybeepy.com\/renta-de-autos-para-empresas\/partners-2\/","name":"Partners - Beepy - Renta de Autos en M\u00e9xico","isPartOf":{"@id":"https:\/\/mybeepy.com\/renta-de-autos-para-empresas\/#website"},"datePublished":"2024-03-06T03:08:15+00:00","dateModified":"2024-03-13T15:26:26+00:00","breadcrumb":{"@id":"https:\/\/mybeepy.com\/renta-de-autos-para-empresas\/partners-2\/#breadcrumb"},"inLanguage":"es-ES","potentialAction":[{"@type":"ReadAction","target":["https:\/\/mybeepy.com\/renta-de-autos-para-empresas\/partners-2\/"]}]},{"@type":"BreadcrumbList","@id":"https:\/\/mybeepy.com\/renta-de-autos-para-empresas\/partners-2\/#breadcrumb","itemListElement":[{"@type":"ListItem","position":1,"name":"Inicio","item":"https:\/\/mybeepy.com\/renta-de-autos-para-empresas\/"},{"@type":"ListItem","position":2,"name":"Partners"}]},{"@type":"WebSite","@id":"https:\/\/mybeepy.com\/renta-de-autos-para-empresas\/#website","url":"https:\/\/mybeepy.com\/renta-de-autos-para-empresas\/","name":"Beepy","description":"Renta de autos para empresas y particulares | Accede a tarifas m\u00e1s competitivas y disfruta de una experiencia de viaje completamente personalizada y flexible. Con Seguro Amplio, sin costos sorpresa y sin filas. Optimiza la movilidad de tu empresa. Reserva f\u00e1cil desde nuestra app m\u00f3vil.","publisher":{"@id":"https:\/\/mybeepy.com\/renta-de-autos-para-empresas\/#organization"},"potentialAction":[{"@type":"SearchAction","target":{"@type":"EntryPoint","urlTemplate":"https:\/\/mybeepy.com\/renta-de-autos-para-empresas\/?s={search_term_string}"},"query-input":{"@type":"PropertyValueSpecification","valueRequired":true,"valueName":"search_term_string"}}],"inLanguage":"es-ES"},{"@type":"Organization","@id":"https:\/\/mybeepy.com\/renta-de-autos-para-empresas\/#organization","name":"Beepy Share","url":"https:\/\/mybeepy.com\/renta-de-autos-para-empresas\/","logo":{"@type":"ImageObject","inLanguage":"es-ES","@id":"https:\/\/mybeepy.com\/renta-de-autos-para-empresas\/#\/schema\/logo\/image\/","url":"https:\/\/mybeepy.com\/wp-content\/uploads\/2024\/08\/beepy_logo-blanco-PNG.png","contentUrl":"https:\/\/mybeepy.com\/wp-content\/uploads\/2024\/08\/beepy_logo-blanco-PNG.png","width":565,"height":125,"caption":"Beepy Share"},"image":{"@id":"https:\/\/mybeepy.com\/renta-de-autos-para-empresas\/#\/schema\/logo\/image\/"},"sameAs":["https:\/\/www.facebook.com\/mybeepy","https:\/\/x.com\/MyBeepy","https:\/\/www.instagram.com\/mybeepy\/","https:\/\/www.tiktok.com\/@mybeepymx"]}]}},"_links":{"self":[{"href":"https:\/\/mybeepy.com\/renta-de-autos-para-empresas\/wp-json\/wp\/v2\/pages\/1320"}],"collection":[{"href":"https:\/\/mybeepy.com\/renta-de-autos-para-empresas\/wp-json\/wp\/v2\/pages"}],"about":[{"href":"https:\/\/mybeepy.com\/renta-de-autos-para-empresas\/wp-json\/wp\/v2\/types\/page"}],"author":[{"embeddable":true,"href":"https:\/\/mybeepy.com\/renta-de-autos-para-empresas\/wp-json\/wp\/v2\/users\/1"}],"replies":[{"embeddable":true,"href":"https:\/\/mybeepy.com\/renta-de-autos-para-empresas\/wp-json\/wp\/v2\/comments?post=1320"}],"version-history":[{"count":6,"href":"https:\/\/mybeepy.com\/renta-de-autos-para-empresas\/wp-json\/wp\/v2\/pages\/1320\/revisions"}],"predecessor-version":[{"id":1422,"href":"https:\/\/mybeepy.com\/renta-de-autos-para-empresas\/wp-json\/wp\/v2\/pages\/1320\/revisions\/1422"}],"wp:attachment":[{"href":"https:\/\/mybeepy.com\/renta-de-autos-para-empresas\/wp-json\/wp\/v2\/media?parent=1320"}],"curies":[{"name":"wp","href":"https:\/\/api.w.org\/{rel}","templated":true}]}}